{"id":745,"date":"2025-05-06T21:28:15","date_gmt":"2025-05-06T21:28:15","guid":{"rendered":"https:\/\/otroejecutivo.cl\/web\/?page_id=745"},"modified":"2025-05-08T21:25:35","modified_gmt":"2025-05-08T21:25:35","slug":"nosotros","status":"publish","type":"page","link":"https:\/\/otroejecutivo.cl\/web\/index.php\/nosotros\/","title":{"rendered":"Nosotros"},"content":{"rendered":"<p>[vc_row centered=\u00bbyes\u00bb bg_type=\u00bbimage\u00bb parallax_style=\u00bbvcpb-default\u00bb bg_image_new=\u00bbid^952|url^https:\/\/otroejecutivo.cl\/web\/wp-content\/uploads\/2025\/05\/banner2.jpg|caption^null|alt^null|title^banner2|description^null\u00bb bg_image_repeat=\u00bbno-repeat\u00bb bg_image_size=\u00bbinitial\u00bb bg_image_posiiton=\u00bbcenter center\u00bb padding_top=\u00bb115px\u00bb padding_bottom=\u00bb115px\u00bb sd_margin_bottom=\u00bb0px\u00bb][vc_column]<div id=\"ultimate-heading-283169d78b39ea66e\" class=\"uvc-heading ult-adjust-bottom-margin ultimate-heading-283169d78b39ea66e uvc-5045 \" data-hspacer=\"line_only\"  data-halign=\"left\" style=\"text-align:left\"><div class=\"uvc-main-heading ult-responsive\"  data-ultimate-target='.uvc-heading.ultimate-heading-283169d78b39ea66e h2'  data-responsive-json-new='{\"font-size\":\"desktop:36px;\",\"line-height\":\"\"}' ><h2 style=\"font-family:&#039;Roboto&#039;;font-weight:300;color:#ffffff;margin-bottom:10px;\">Nuestra Empresa<\/h2><\/div><div class=\"uvc-heading-spacer line_only\" style=\"topheight:1px;\"><span class=\"uvc-headings-line\" style=\"border-style:solid;border-bottom-width:1px;border-color:#009999;width:50px;\"><\/span><\/div><\/div>[\/vc_column][\/vc_row][vc_row centered=\u00bbyes\u00bb sd_margin_bottom=\u00bb0px\u00bb][vc_column]<div class=\"ult-spacer spacer-69d78b39ea691\" data-id=\"69d78b39ea691\" data-height=\"70\" data-height-mobile=\"70\" data-height-tab=\"70\" data-height-tab-portrait=\"\" data-height-mobile-landscape=\"\" style=\"clear:both;display:block;\"><\/div>[vc_row_inner][vc_column_inner width=\u00bb2\/3&#8243;]<div id=\"ultimate-heading-639569d78b39ea6a5\" class=\"uvc-heading ult-adjust-bottom-margin ultimate-heading-639569d78b39ea6a5 uvc-1847 \" data-hspacer=\"line_only\"  data-halign=\"left\" style=\"text-align:left\"><div class=\"uvc-main-heading ult-responsive\"  data-ultimate-target='.uvc-heading.ultimate-heading-639569d78b39ea6a5 h3'  data-responsive-json-new='{\"font-size\":\"desktop:30px;\",\"line-height\":\"\"}' ><h3 style=\"font-family:&#039;Roboto&#039;;font-weight:300;margin-bottom:10px;\">Sobre Nosotros<\/h3><\/div><div class=\"uvc-sub-heading ult-responsive\"  data-ultimate-target='.uvc-heading.ultimate-heading-639569d78b39ea6a5 .uvc-sub-heading '  data-responsive-json-new='{\"font-size\":\"\",\"line-height\":\"\"}'  style=\"font-family:&#039;Roboto&#039;;font-weight:300;margin-bottom:15px;\">Otro Ejecutivo<\/div><div class=\"uvc-heading-spacer line_only\" style=\"margin-bottom:30px;height:2px;\"><span class=\"uvc-headings-line\" style=\"border-style:solid;border-bottom-width:2px;border-color:#009999;width:50px;\"><\/span><\/div><\/div>[vc_column_text]<strong>Transportes Jos\u00e9 Carrasco Retamal E.I.R.L.<\/strong>, fue creada en la ciudad de <strong>Los \u00c1ngeles<\/strong>, en el a\u00f1o <strong>2005<\/strong>, inici\u00e1ndose como una empresa de prestaci\u00f3n de servicios de transporte de personal y ejecutivos de empresas, para cubrir as\u00ed la necesidad de transportar al personal que vive distante del lugar de trabajo.[\/vc_column_text][vc_column_text]<strong>Transportes Jos\u00e9 Carrasco Retamal E.I.R.L.<\/strong>, cuenta con un equipo de trabajo en las \u00e1reas de administraci\u00f3n, seguridad y salud ocupacional, medio ambiente y un grupo de conductores profesionales, capacitados continuamente y que poseen un amplio conocimiento de las rutas de la zona, esto le permite entregar a sus clientes servicios de calidad, seguros, eficientes y oportunos; dando cumplimiento a todos sus requisitos.[\/vc_column_text][\/vc_column_inner][vc_column_inner width=\u00bb1\/3&#8243;][vc_empty_space][vc_single_image image=\u00bb732&#8243; img_size=\u00bbfull\u00bb][\/vc_column_inner][\/vc_row_inner][vc_column_text]Enfocados en satisfacer las necesidades de nuestros clientes y brindar un servicio de calidad, cuidando y protegiendo el medio ambiente y la salud y seguridad de nuestros trabajadores, nuestra empresa cuenta con un Sistema de Gesti\u00f3n Integrado bajo normas ISO 39001, ISO 9001, ISO 14001 e ISO 45001, que le permiten controlar y mejorar continuamente sus procesos.[\/vc_column_text]<div class=\"ult-spacer spacer-69d78b39ea6be\" data-id=\"69d78b39ea6be\" data-height=\"70\" data-height-mobile=\"70\" data-height-tab=\"70\" data-height-tab-portrait=\"\" data-height-mobile-landscape=\"\" style=\"clear:both;display:block;\"><\/div>[\/vc_column][\/vc_row][vc_row centered=\u00bbyes\u00bb bg_type=\u00bbimage\u00bb parallax_style=\u00bbvcpb-default\u00bb bg_image_new=\u00bb587|https:\/\/otroejecutivo.cl\/web\/wp-content\/uploads\/2015\/06\/about-blue-bg.jpg\u00bb bg_image_size=\u00bbinitial\u00bb bg_image_posiiton=\u00bbcenter center\u00bb sd_margin_bottom=\u00bb0px\u00bb][vc_column]<div class=\"ult-spacer spacer-69d78b39ea6c6\" data-id=\"69d78b39ea6c6\" data-height=\"80\" data-height-mobile=\"80\" data-height-tab=\"80\" data-height-tab-portrait=\"\" data-height-mobile-landscape=\"\" style=\"clear:both;display:block;\"><\/div><div id=\"ultimate-heading-341169d78b39ea6d5\" class=\"uvc-heading ult-adjust-bottom-margin ultimate-heading-341169d78b39ea6d5 uvc-8841 \" data-hspacer=\"line_only\"  data-halign=\"center\" style=\"text-align:center\"><div class=\"uvc-main-heading ult-responsive\"  data-ultimate-target='.uvc-heading.ultimate-heading-341169d78b39ea6d5 h3'  data-responsive-json-new='{\"font-size\":\"desktop:30px;\",\"line-height\":\"\"}' ><h3 style=\"font-family:&#039;Roboto&#039;;font-weight:300;color:#ffffff;margin-bottom:10px;\">Nuestros Principios<\/h3><\/div><div class=\"uvc-sub-heading ult-responsive\"  data-ultimate-target='.uvc-heading.ultimate-heading-341169d78b39ea6d5 .uvc-sub-heading '  data-responsive-json-new='{\"font-size\":\"\",\"line-height\":\"\"}'  style=\"font-family:&#039;Roboto&#039;;font-weight:300;color:#ffffff;margin-bottom:15px;\">Otro Ejecutivo<\/div><div class=\"uvc-heading-spacer line_only\" style=\"margin-bottom:30px;height:2px;\"><span class=\"uvc-headings-line\" style=\"border-style:solid;border-bottom-width:2px;border-color:#ffffff;width:50px;\"><\/span><\/div><\/div><div class=\"ult-spacer spacer-69d78b39ea6e9\" data-id=\"69d78b39ea6e9\" data-height=\"20\" data-height-mobile=\"20\" data-height-tab=\"20\" data-height-tab-portrait=\"\" data-height-mobile-landscape=\"\" style=\"clear:both;display:block;\"><\/div>[vc_row_inner css=\u00bb.vc_custom_1443538123208{margin-bottom: 0px !important;}\u00bb][vc_column_inner width=\u00bb1\/3&#8243;]<div class=\"aio-icon-component    style_3\"><div id=\"Info-box-wrap-7406\" class=\"aio-icon-box top-icon\" style=\"\"  ><div class=\"aio-icon-header\" ><h3 class=\"aio-icon-title ult-responsive\"  data-ultimate-target='#Info-box-wrap-7406 .aio-icon-title'  data-responsive-json-new='{\"font-size\":\"desktop:22px;\",\"line-height\":\"\"}'  style=\"font-family:&#039;Roboto&#039;;font-weight:normal;font-style:normal;color:#ffffff;\">Nuestra Misi\u00f3n<\/h3><\/div> <!-- header --><div class=\"aio-icon-description ult-responsive\"  data-ultimate-target='#Info-box-wrap-7406 .aio-icon-description'  data-responsive-json-new='{\"font-size\":\"\",\"line-height\":\"\"}'  style=\"font-family:&#039;Roboto&#039;;font-weight:300;color:#ffffff;\">Satisfacer las necesidades de nuestros clientes, ofreciendo un servicio integral en el \u00e1rea del transporte de pasajeros, logrando los m\u00e1s elevados est\u00e1ndares de calidad, seguridad y compromiso con el medio ambiente, que contribuyan a establecer relaciones comerciales a largo plazo.<\/div> <!-- description --><\/div> <!-- aio-icon-box --><\/div> <!-- aio-icon-component -->[\/vc_column_inner][vc_column_inner width=\u00bb1\/3&#8243;]<div class=\"aio-icon-component    style_3\"><div id=\"Info-box-wrap-8923\" class=\"aio-icon-box top-icon\" style=\"\"  ><div class=\"aio-icon-header\" ><h3 class=\"aio-icon-title ult-responsive\"  data-ultimate-target='#Info-box-wrap-8923 .aio-icon-title'  data-responsive-json-new='{\"font-size\":\"desktop:22px;\",\"line-height\":\"\"}'  style=\"font-family:&#039;Roboto&#039;;font-weight:normal;font-style:normal;color:#ffffff;\">Nuestra Visi\u00f3n<\/h3><\/div> <!-- header --><div class=\"aio-icon-description ult-responsive\"  data-ultimate-target='#Info-box-wrap-8923 .aio-icon-description'  data-responsive-json-new='{\"font-size\":\"\",\"line-height\":\"\"}'  style=\"font-family:&#039;Roboto&#039;;font-weight:300;color:#ffffff;\">Ser la empresa l\u00edder y de mayor confianza en el mercado del servicio de transporte de personal y administrativos de empresas, con un posicionamiento centrado en la excelencia y la buena gesti\u00f3n de sus procesos.<\/div> <!-- description --><\/div> <!-- aio-icon-box --><\/div> <!-- aio-icon-component -->[\/vc_column_inner][vc_column_inner width=\u00bb1\/3&#8243;]<div class=\"aio-icon-component    style_3\"><div id=\"Info-box-wrap-9679\" class=\"aio-icon-box top-icon\" style=\"\"  ><div class=\"aio-icon-header\" ><h3 class=\"aio-icon-title ult-responsive\"  data-ultimate-target='#Info-box-wrap-9679 .aio-icon-title'  data-responsive-json-new='{\"font-size\":\"desktop:22px;\",\"line-height\":\"\"}'  style=\"font-family:&#039;Roboto&#039;;font-weight:normal;font-style:normal;color:#ffffff;\">Nuestros Valores<\/h3><\/div> <!-- header --><div class=\"aio-icon-description ult-responsive\"  data-ultimate-target='#Info-box-wrap-9679 .aio-icon-description'  data-responsive-json-new='{\"font-size\":\"\",\"line-height\":\"\"}'  style=\"font-family:&#039;Roboto&#039;;font-weight:300;color:#ffffff;\">Respeto, Honestidad, Lealtad, Compromiso, Responsabilidad y Profesionalismo estar\u00e1n presentes en las relaciones directas con los clientes y proveedores, tanto internos como externos, enfocados siempre en la satisfacci\u00f3n y cumplimiento de sus requerimientos.<\/div> <!-- description --><\/div> <!-- aio-icon-box --><\/div> <!-- aio-icon-component -->[\/vc_column_inner][\/vc_row_inner]<div class=\"ult-spacer spacer-69d78b39ea890\" data-id=\"69d78b39ea890\" data-height=\"60\" data-height-mobile=\"60\" data-height-tab=\"60\" data-height-tab-portrait=\"\" data-height-mobile-landscape=\"\" style=\"clear:both;display:block;\"><\/div>[\/vc_column][\/vc_row][vc_row centered=\u00bbyes\u00bb sd_margin_bottom=\u00bb0px\u00bb][vc_column]<div class=\"ult-spacer spacer-69d78b39ea896\" data-id=\"69d78b39ea896\" data-height=\"70\" data-height-mobile=\"70\" data-height-tab=\"70\" data-height-tab-portrait=\"\" data-height-mobile-landscape=\"\" style=\"clear:both;display:block;\"><\/div><div id=\"ultimate-heading-507769d78b39ea8a8\" class=\"uvc-heading ult-adjust-bottom-margin ultimate-heading-507769d78b39ea8a8 uvc-3121 \" data-hspacer=\"line_only\"  data-halign=\"center\" style=\"text-align:center\"><div class=\"uvc-main-heading ult-responsive\"  data-ultimate-target='.uvc-heading.ultimate-heading-507769d78b39ea8a8 h3'  data-responsive-json-new='{\"font-size\":\"desktop:30px;\",\"line-height\":\"\"}' ><h3 style=\"font-family:&#039;Roboto&#039;;font-weight:300;margin-bottom:10px;\">Nuestro Equipo<\/h3><\/div><div class=\"uvc-sub-heading ult-responsive\"  data-ultimate-target='.uvc-heading.ultimate-heading-507769d78b39ea8a8 .uvc-sub-heading '  data-responsive-json-new='{\"font-size\":\"\",\"line-height\":\"\"}'  style=\"font-family:&#039;Roboto&#039;;font-weight:300;margin-bottom:15px;\">Contamos con un completo equipo profesional altamente capacitado para cumplir con todas sus necesidades en transporte.<\/div><div class=\"uvc-heading-spacer line_only\" style=\"margin-bottom:30px;height:2px;\"><span class=\"uvc-headings-line\" style=\"border-style:solid;border-bottom-width:2px;border-color:#009999;width:50px;\"><\/span><\/div><\/div><div class=\"ult-spacer spacer-69d78b39ea8ba\" data-id=\"69d78b39ea8ba\" data-height=\"20\" data-height-mobile=\"20\" data-height-tab=\"20\" data-height-tab-portrait=\"\" data-height-mobile-landscape=\"\" style=\"clear:both;display:block;\"><\/div>\t\t<div class=\"sd-staff\">\n\t\t\t<div class=\"row\">\n\t\t\t\t\t\t\t\t \n\t\t\t\t\n\t\t\t\t\t\t\t\t\t<div class=\"sd-staff-col col-md-3 col-sm-4\">\n\t\t\t\t\t\t<div class=\"sd-portfolio-item-wrapper\">\n\t\t\t\t\t\t\t\t\t\t\t\t\t\t\t<div class=\"sd-case-thumb\">\n\t\t\t\t\t\t\t\t\t<div class=\"sd-overflow\">\n\t\t\t\t\t\t\t\t\t\t<figure>\n\t\t\t\t\t\t\t\t\t\t\t<img decoding=\"async\" src=\"https:\/\/otroejecutivo.cl\/web\/wp-content\/uploads\/2015\/06\/ger24-250x285.jpg\" class=\"attachment-sd-staff-thumbs size-sd-staff-thumbs wp-post-image\" alt=\"\" \/>\t\t\t\t\t\t\t\t\t\t<\/figure>\n\t\t\t\t\t\t\t\t\t\t<div class=\"sd-staff-hover sd-case-study-item-content-hover\">\n\t\t\t\t\t\t\t\t\t\t\t<p class=\"sd-latest-blog-excerpt\">&nbsp; &nbsp;...<\/p>\n\t\t\t\t\t\t\t\t\t\t\t\t\t\t\t\t\t\t\t\t\t\t\n\t\t\t\t\t\t\t\t\t\t<\/div>\n\t\t\t\t\t\t\t\t\t<\/div>\n\t\t\t\t\t\t\t\t\t<span class=\"sd-open-preview\"> <span> + <\/span> <\/span>\n\t\t\t\t\t\t\t\t<\/div>\n\t\t\t\t\t\t\t\t\t\t\t\t\t\t<div class=\"sd-staff-content\">\n\t\t\t\t\t\t\t\t<h3><a href=\"https:\/\/otroejecutivo.cl\/web\/index.php\/staff-page\/gerencia-general\/\" title=\"Gerencia General\">Gerencia General<\/a><\/h3>\n\t\t\t\t\t\t\t\t\t\t\t\t\t\t\t\t\n\t\t\t\t\t\t\t<\/div>\n\t\t\t\t\t\t<\/div>\n\t\t\t\t\t<\/div>\n\t\t\t\t\t<!-- sd-staff-col col-md-3 -->\n\t\t\t\t\t\t\t\t\t \n\t\t\t\t\n\t\t\t\t\t\t\t\t\t<div class=\"sd-staff-col col-md-3 col-sm-4\">\n\t\t\t\t\t\t<div class=\"sd-portfolio-item-wrapper\">\n\t\t\t\t\t\t\t\t\t\t\t\t\t\t\t<div class=\"sd-case-thumb\">\n\t\t\t\t\t\t\t\t\t<div class=\"sd-overflow\">\n\t\t\t\t\t\t\t\t\t\t<figure>\n\t\t\t\t\t\t\t\t\t\t\t<img decoding=\"async\" src=\"https:\/\/otroejecutivo.cl\/web\/wp-content\/uploads\/2015\/06\/rrhh24-250x285.jpg\" class=\"attachment-sd-staff-thumbs size-sd-staff-thumbs wp-post-image\" alt=\"\" \/>\t\t\t\t\t\t\t\t\t\t<\/figure>\n\t\t\t\t\t\t\t\t\t\t<div class=\"sd-staff-hover sd-case-study-item-content-hover\">\n\t\t\t\t\t\t\t\t\t\t\t<p class=\"sd-latest-blog-excerpt\">...<\/p>\n\t\t\t\t\t\t\t\t\t\t\t\t\t\t\t\t\t\t\t\t\t\t\n\t\t\t\t\t\t\t\t\t\t<\/div>\n\t\t\t\t\t\t\t\t\t<\/div>\n\t\t\t\t\t\t\t\t\t<span class=\"sd-open-preview\"> <span> + <\/span> <\/span>\n\t\t\t\t\t\t\t\t<\/div>\n\t\t\t\t\t\t\t\t\t\t\t\t\t\t<div class=\"sd-staff-content\">\n\t\t\t\t\t\t\t\t<h3><a href=\"https:\/\/otroejecutivo.cl\/web\/index.php\/staff-page\/area-administracion-rrhh\/\" title=\"\u00c1rea Administraci\u00f3n &#038; RRHH\">\u00c1rea Administraci\u00f3n &#038; RRHH<\/a><\/h3>\n\t\t\t\t\t\t\t\t\t\t\t\t\t\t\t\t\n\t\t\t\t\t\t\t<\/div>\n\t\t\t\t\t\t<\/div>\n\t\t\t\t\t<\/div>\n\t\t\t\t\t<!-- sd-staff-col col-md-3 -->\n\t\t\t\t\t\t\t\t\t \n\t\t\t\t\n\t\t\t\t\t\t\t\t\t<div class=\"sd-staff-col col-md-3 col-sm-4\">\n\t\t\t\t\t\t<div class=\"sd-portfolio-item-wrapper\">\n\t\t\t\t\t\t\t\t\t\t\t\t\t\t\t<div class=\"sd-case-thumb\">\n\t\t\t\t\t\t\t\t\t<div class=\"sd-overflow\">\n\t\t\t\t\t\t\t\t\t\t<figure>\n\t\t\t\t\t\t\t\t\t\t\t<img decoding=\"async\" src=\"https:\/\/otroejecutivo.cl\/web\/wp-content\/uploads\/2015\/06\/seg24-250x285.jpg\" class=\"attachment-sd-staff-thumbs size-sd-staff-thumbs wp-post-image\" alt=\"\" \/>\t\t\t\t\t\t\t\t\t\t<\/figure>\n\t\t\t\t\t\t\t\t\t\t<div class=\"sd-staff-hover sd-case-study-item-content-hover\">\n\t\t\t\t\t\t\t\t\t\t\t<p class=\"sd-latest-blog-excerpt\">...<\/p>\n\t\t\t\t\t\t\t\t\t\t\t\t\t\t\t\t\t\t\t\t\t\t\n\t\t\t\t\t\t\t\t\t\t<\/div>\n\t\t\t\t\t\t\t\t\t<\/div>\n\t\t\t\t\t\t\t\t\t<span class=\"sd-open-preview\"> <span> + <\/span> <\/span>\n\t\t\t\t\t\t\t\t<\/div>\n\t\t\t\t\t\t\t\t\t\t\t\t\t\t<div class=\"sd-staff-content\">\n\t\t\t\t\t\t\t\t<h3><a href=\"https:\/\/otroejecutivo.cl\/web\/index.php\/staff-page\/area-de-seguridad-y-salud-en-el-trabajo\/\" title=\"\u00c1rea de Seguridad y Salud en el Trabajo\">\u00c1rea de Seguridad y Salud en el Trabajo<\/a><\/h3>\n\t\t\t\t\t\t\t\t\t\t\t\t\t\t\t\t\n\t\t\t\t\t\t\t<\/div>\n\t\t\t\t\t\t<\/div>\n\t\t\t\t\t<\/div>\n\t\t\t\t\t<!-- sd-staff-col col-md-3 -->\n\t\t\t\t\t\t\t\t\t \n\t\t\t\t\n\t\t\t\t\t\t\t\t\t<div class=\"sd-staff-col col-md-3 col-sm-4\">\n\t\t\t\t\t\t<div class=\"sd-portfolio-item-wrapper\">\n\t\t\t\t\t\t\t\t\t\t\t\t\t\t\t<div class=\"sd-case-thumb\">\n\t\t\t\t\t\t\t\t\t<div class=\"sd-overflow\">\n\t\t\t\t\t\t\t\t\t\t<figure>\n\t\t\t\t\t\t\t\t\t\t\t<img decoding=\"async\" src=\"https:\/\/otroejecutivo.cl\/web\/wp-content\/uploads\/2015\/06\/man24-250x285.jpg\" class=\"attachment-sd-staff-thumbs size-sd-staff-thumbs wp-post-image\" alt=\"\" \/>\t\t\t\t\t\t\t\t\t\t<\/figure>\n\t\t\t\t\t\t\t\t\t\t<div class=\"sd-staff-hover sd-case-study-item-content-hover\">\n\t\t\t\t\t\t\t\t\t\t\t<p class=\"sd-latest-blog-excerpt\">...<\/p>\n\t\t\t\t\t\t\t\t\t\t\t\t\t\t\t\t\t\t\t\t\t\t\n\t\t\t\t\t\t\t\t\t\t<\/div>\n\t\t\t\t\t\t\t\t\t<\/div>\n\t\t\t\t\t\t\t\t\t<span class=\"sd-open-preview\"> <span> + <\/span> <\/span>\n\t\t\t\t\t\t\t\t<\/div>\n\t\t\t\t\t\t\t\t\t\t\t\t\t\t<div class=\"sd-staff-content\">\n\t\t\t\t\t\t\t\t<h3><a href=\"https:\/\/otroejecutivo.cl\/web\/index.php\/staff-page\/area-de-mantencion\/\" title=\"\u00c1rea de Mantenci\u00f3n\">\u00c1rea de Mantenci\u00f3n<\/a><\/h3>\n\t\t\t\t\t\t\t\t\t\t\t\t\t\t\t\t\n\t\t\t\t\t\t\t<\/div>\n\t\t\t\t\t\t<\/div>\n\t\t\t\t\t<\/div>\n\t\t\t\t\t<!-- sd-staff-col col-md-3 -->\n\t\t\t\t\t<div class=\"clearfix\"><\/div>\t\t\t\t \n\t\t\t\t\n\t\t\t\t\t\t\t\t\t<div class=\"sd-staff-col col-md-3 col-sm-4\">\n\t\t\t\t\t\t<div class=\"sd-portfolio-item-wrapper\">\n\t\t\t\t\t\t\t\t\t\t\t\t\t\t\t<div class=\"sd-case-thumb\">\n\t\t\t\t\t\t\t\t\t<div class=\"sd-overflow\">\n\t\t\t\t\t\t\t\t\t\t<figure>\n\t\t\t\t\t\t\t\t\t\t\t<img decoding=\"async\" src=\"https:\/\/otroejecutivo.cl\/web\/wp-content\/uploads\/2015\/06\/amb24-250x285.jpg\" class=\"attachment-sd-staff-thumbs size-sd-staff-thumbs wp-post-image\" alt=\"\" \/>\t\t\t\t\t\t\t\t\t\t<\/figure>\n\t\t\t\t\t\t\t\t\t\t<div class=\"sd-staff-hover sd-case-study-item-content-hover\">\n\t\t\t\t\t\t\t\t\t\t\t<p class=\"sd-latest-blog-excerpt\">...<\/p>\n\t\t\t\t\t\t\t\t\t\t\t\t\t\t\t\t\t\t\t\t\t\t\n\t\t\t\t\t\t\t\t\t\t<\/div>\n\t\t\t\t\t\t\t\t\t<\/div>\n\t\t\t\t\t\t\t\t\t<span class=\"sd-open-preview\"> <span> + <\/span> <\/span>\n\t\t\t\t\t\t\t\t<\/div>\n\t\t\t\t\t\t\t\t\t\t\t\t\t\t<div class=\"sd-staff-content\">\n\t\t\t\t\t\t\t\t<h3><a href=\"https:\/\/otroejecutivo.cl\/web\/index.php\/staff-page\/area-de-medio-ambiente\/\" title=\"\u00c1rea de Medio Ambiente\">\u00c1rea de Medio Ambiente<\/a><\/h3>\n\t\t\t\t\t\t\t\t\t\t\t\t\t\t\t\t\n\t\t\t\t\t\t\t<\/div>\n\t\t\t\t\t\t<\/div>\n\t\t\t\t\t<\/div>\n\t\t\t\t\t<!-- sd-staff-col col-md-3 -->\n\t\t\t\t\t\t\t\t\t\t\t\t<\/div>\n\t\t<\/div>\t\n\t\n<div class=\"ult-spacer spacer-69d78b39eb922\" data-id=\"69d78b39eb922\" data-height=\"70\" data-height-mobile=\"70\" data-height-tab=\"70\" data-height-tab-portrait=\"\" data-height-mobile-landscape=\"\" style=\"clear:both;display:block;\"><\/div>[\/vc_column][\/vc_row]<\/p>\n","protected":false},"excerpt":{"rendered":"<p>[vc_row centered=\u00bbyes\u00bb bg_type=\u00bbimage\u00bb parallax_style=\u00bbvcpb-default\u00bb bg_image_new=\u00bbid^952|url^https:\/\/otroejecutivo.cl\/web\/wp-content\/uploads\/2025\/05\/banner2.jpg|caption^null|alt^null|title^banner2|description^null\u00bb bg_image_repeat=\u00bbno-repeat\u00bb bg_image_size=\u00bbinitial\u00bb bg_image_posiiton=\u00bbcenter center\u00bb padding_top=\u00bb115px\u00bb padding_bottom=\u00bb115px\u00bb sd_margin_bottom=\u00bb0px\u00bb][vc_column][\/vc_column][\/vc_row][vc_row centered=\u00bbyes\u00bb sd_margin_bottom=\u00bb0px\u00bb][vc_column][vc_row_inner][vc_column_inner width=\u00bb2\/3&#8243;][vc_column_text]Transportes Jos\u00e9 Carrasco Retamal E.I.R.L., fue creada en la ciudad de Los \u00c1ngeles, en el a\u00f1o 2005, inici\u00e1ndose como una empresa de prestaci\u00f3n de servicios de transporte de personal y ejecutivos de empresas, para cubrir as\u00ed<\/p>\n","protected":false},"author":1,"featured_media":0,"parent":0,"menu_order":0,"comment_status":"open","ping_status":"open","template":"full-width-page.php","meta":{"footnotes":""},"class_list":["post-745","page","type-page","status-publish","hentry"],"_links":{"self":[{"href":"https:\/\/otroejecutivo.cl\/web\/index.php\/wp-json\/wp\/v2\/pages\/745","targetHints":{"allow":["GET"]}}],"collection":[{"href":"https:\/\/otroejecutivo.cl\/web\/index.php\/wp-json\/wp\/v2\/pages"}],"about":[{"href":"https:\/\/otroejecutivo.cl\/web\/index.php\/wp-json\/wp\/v2\/types\/page"}],"author":[{"embeddable":true,"href":"https:\/\/otroejecutivo.cl\/web\/index.php\/wp-json\/wp\/v2\/users\/1"}],"replies":[{"embeddable":true,"href":"https:\/\/otroejecutivo.cl\/web\/index.php\/wp-json\/wp\/v2\/comments?post=745"}],"version-history":[{"count":28,"href":"https:\/\/otroejecutivo.cl\/web\/index.php\/wp-json\/wp\/v2\/pages\/745\/revisions"}],"predecessor-version":[{"id":748,"href":"https:\/\/otroejecutivo.cl\/web\/index.php\/wp-json\/wp\/v2\/pages\/745\/revisions\/748"}],"wp:attachment":[{"href":"https:\/\/otroejecutivo.cl\/web\/index.php\/wp-json\/wp\/v2\/media?parent=745"}],"curies":[{"name":"wp","href":"https:\/\/api.w.org\/{rel}","templated":true}]}}