{"id":253,"date":"2015-06-10T12:18:38","date_gmt":"2015-06-10T12:18:38","guid":{"rendered":"http:\/\/digitalagency.skat.tf\/?page_id=253"},"modified":"2025-05-07T22:14:06","modified_gmt":"2025-05-07T22:14:06","slug":"politica-certificados","status":"publish","type":"page","link":"https:\/\/otroejecutivo.cl\/web\/index.php\/politica-certificados\/","title":{"rendered":"Pol\u00edtica &#038; Certificados"},"content":{"rendered":"<p>[vc_row centered=\u00bbyes\u00bb bg_type=\u00bbimage\u00bb parallax_style=\u00bbvcpb-default\u00bb bg_image_new=\u00bbid^949|url^https:\/\/otroejecutivo.cl\/web\/wp-content\/uploads\/2025\/05\/banner.jpg|caption^null|alt^null|title^banner|description^null\u00bb bg_image_repeat=\u00bbno-repeat\u00bb bg_image_size=\u00bbinitial\u00bb bg_image_posiiton=\u00bbcenter center\u00bb padding_top=\u00bb115px\u00bb padding_bottom=\u00bb115px\u00bb sd_margin_bottom=\u00bb0px\u00bb][vc_column]<div id=\"ultimate-heading-520869d78ef30c1b1\" class=\"uvc-heading ult-adjust-bottom-margin ultimate-heading-520869d78ef30c1b1 uvc-8291 \" data-hspacer=\"line_only\"  data-halign=\"left\" style=\"text-align:left\"><div class=\"uvc-main-heading ult-responsive\"  data-ultimate-target='.uvc-heading.ultimate-heading-520869d78ef30c1b1 h2'  data-responsive-json-new='{\"font-size\":\"desktop:36px;\",\"line-height\":\"\"}' ><h2 style=\"font-family:&#039;Roboto&#039;;font-weight:300;color:#ffffff;margin-bottom:10px;\">Pol\u00edtica &amp; Certificados<\/h2><\/div><div class=\"uvc-heading-spacer line_only\" style=\"topheight:1px;\"><span class=\"uvc-headings-line\" style=\"border-style:solid;border-bottom-width:1px;border-color:#009999;width:50px;\"><\/span><\/div><\/div>[\/vc_column][\/vc_row][vc_row centered=\u00bbyes\u00bb sd_margin_bottom=\u00bb0px\u00bb][vc_column]<div class=\"ult-spacer spacer-69d78ef30c1d8\" data-id=\"69d78ef30c1d8\" data-height=\"70\" data-height-mobile=\"70\" data-height-tab=\"70\" data-height-tab-portrait=\"\" data-height-mobile-landscape=\"\" style=\"clear:both;display:block;\"><\/div>[vc_row_inner][vc_column_inner][vc_column_text]Transportes Jos\u00e9 Carrasco Retamal EIRL. est\u00e1 certificada desde el a\u00f1o 2008. Actualmente bajo normas ISO 39001, ISO 9001, ISO 14001 e ISO 45001 La implementaci\u00f3n del Sistema de Gesti\u00f3n Integrado en Calidad, Medio Ambiente y Seguridad y Salud en el trabajo de Transportes Jos\u00e9 Carrasco Retamal E.I.R.L. le ha permitido alinear las pol\u00edticas y objetivos de la organizaci\u00f3n, armonizando los diferentes criterios de gesti\u00f3n para llevar un control eficiente del desarrollo de los procesos lo que le ha permitido aumentar la eficiencia y calidad de los servicios entregados a sus clientes.[\/vc_column_text][\/vc_column_inner][\/vc_row_inner]<div class=\"ult-spacer spacer-69d78ef30c1e0\" data-id=\"69d78ef30c1e0\" data-height=\"15\" data-height-mobile=\"15\" data-height-tab=\"15\" data-height-tab-portrait=\"\" data-height-mobile-landscape=\"\" style=\"clear:both;display:block;\"><\/div>[\/vc_column][\/vc_row][vc_row centered=\u00bbyes\u00bb bg_type=\u00bbimage\u00bb parallax_style=\u00bbvcpb-default\u00bb bg_image_new=\u00bbid^840|url^https:\/\/otroejecutivo.cl\/web\/wp-content\/uploads\/2025\/05\/72752.jpg|caption^null|alt^null|title^72752|description^null\u00bb bg_image_repeat=\u00bbrepeat-x\u00bb bg_image_size=\u00bbinitial\u00bb bg_image_posiiton=\u00bb0 100%\u00bb sd_margin_bottom=\u00bb0px\u00bb][vc_column]<div class=\"ult-spacer spacer-69d78ef30c1e7\" data-id=\"69d78ef30c1e7\" data-height=\"15\" data-height-mobile=\"15\" data-height-tab=\"15\" data-height-tab-portrait=\"\" data-height-mobile-landscape=\"\" style=\"clear:both;display:block;\"><\/div>[vc_row_inner css=\u00bb.vc_custom_1443538377027{margin-bottom: 0px !important;}\u00bb][vc_column_inner width=\u00bb1\/3&#8243;][vc_single_image image=\u00bb792&#8243; img_size=\u00bb200&#215;220&#8243; onclick=\u00bbcustom_link\u00bb img_link_target=\u00bb_blank\u00bb link=\u00bbhttps:\/\/otroejecutivo.cl\/web\/wp-content\/uploads\/2025\/05\/ISO-9001-2015.pdf\u00bb][\/vc_column_inner][vc_column_inner width=\u00bb1\/3&#8243;][vc_single_image image=\u00bb807&#8243; img_size=\u00bb200&#215;220&#8243; onclick=\u00bbcustom_link\u00bb img_link_target=\u00bb_blank\u00bb link=\u00bbhttps:\/\/otroejecutivo.cl\/web\/wp-content\/uploads\/2025\/05\/ISO-14001-2015.pdf\u00bb][\/vc_column_inner][vc_column_inner width=\u00bb1\/3&#8243;][vc_single_image image=\u00bb809&#8243; img_size=\u00bb200&#215;220&#8243; onclick=\u00bbcustom_link\u00bb img_link_target=\u00bb_blank\u00bb link=\u00bbhttps:\/\/otroejecutivo.cl\/web\/wp-content\/uploads\/2025\/05\/ISO-45001-2018.pdf\u00bb][\/vc_column_inner][vc_column_inner width=\u00bb1\/3&#8243;][vc_single_image image=\u00bb811&#8243; img_size=\u00bb200&#215;220&#8243; onclick=\u00bbcustom_link\u00bb img_link_target=\u00bb_blank\u00bb link=\u00bbhttps:\/\/otroejecutivo.cl\/web\/wp-content\/uploads\/2025\/05\/aenor.pdf\u00bb][\/vc_column_inner][vc_column_inner width=\u00bb1\/3&#8243;][vc_single_image image=\u00bb813&#8243; img_size=\u00bb200&#215;220&#8243; onclick=\u00bbcustom_link\u00bb img_link_target=\u00bb_blank\u00bb link=\u00bbhttps:\/\/otroejecutivo.cl\/web\/wp-content\/uploads\/2025\/05\/politica_otroejecutivo.pdf\u00bb][\/vc_column_inner][\/vc_row_inner][\/vc_column][\/vc_row][vc_row centered=\u00bbyes\u00bb sd_margin_bottom=\u00bb0px\u00bb][vc_column]<div class=\"ult-spacer spacer-69d78ef30c1ed\" data-id=\"69d78ef30c1ed\" data-height=\"70\" data-height-mobile=\"70\" data-height-tab=\"70\" data-height-tab-portrait=\"\" data-height-mobile-landscape=\"\" style=\"clear:both;display:block;\"><\/div>[vc_row_inner][vc_column_inner]<div id=\"ultimate-heading-115369d78ef30c1fe\" class=\"uvc-heading ult-adjust-bottom-margin ultimate-heading-115369d78ef30c1fe uvc-1652 \" data-hspacer=\"line_only\"  data-halign=\"left\" style=\"text-align:left\"><div class=\"uvc-main-heading ult-responsive\"  data-ultimate-target='.uvc-heading.ultimate-heading-115369d78ef30c1fe h2'  data-responsive-json-new='{\"font-size\":\"desktop:36px;\",\"line-height\":\"\"}' ><h2 style=\"font-family:&#039;Roboto&#039;;font-weight:300;color:#243c4f;margin-bottom:10px;\">Distinci\u00f3n Oro CPHS OtroEjecutivo<\/h2><\/div><div class=\"uvc-heading-spacer line_only\" style=\"topheight:1px;\"><span class=\"uvc-headings-line\" style=\"border-style:solid;border-bottom-width:1px;border-color:#009999;width:50px;\"><\/span><\/div><\/div><div class=\"ult-spacer spacer-69d78ef30c210\" data-id=\"69d78ef30c210\" data-height=\"30\" data-height-mobile=\"30\" data-height-tab=\"30\" data-height-tab-portrait=\"\" data-height-mobile-landscape=\"\" style=\"clear:both;display:block;\"><\/div>[vc_column_text]Nuestro Comit\u00e9 Paritario de Orden, Higiene y Seguridad obtuvo este importante reconocimiento en el mes de octubre de 2023 distinci\u00f3n destacada considerando que a nivel pa\u00eds existen alrededor de 10 empresas en Categor\u00eda Oro.[\/vc_column_text][\/vc_column_inner][\/vc_row_inner][vc_row_inner css=\u00bb.vc_custom_1443538377027{margin-bottom: 0px !important;}\u00bb][vc_column_inner width=\u00bb1\/3&#8243;][vc_single_image image=\u00bb832&#8243; img_size=\u00bb200&#215;220&#8243; onclick=\u00bbcustom_link\u00bb img_link_target=\u00bb_blank\u00bb link=\u00bbhttps:\/\/otroejecutivo.cl\/web\/wp-content\/uploads\/2025\/05\/certificacion_32054_17_10_2023.pdf\u00bb][\/vc_column_inner][\/vc_row_inner]<div class=\"ult-spacer spacer-69d78ef30c216\" data-id=\"69d78ef30c216\" data-height=\"30\" data-height-mobile=\"30\" data-height-tab=\"30\" data-height-tab-portrait=\"\" data-height-mobile-landscape=\"\" style=\"clear:both;display:block;\"><\/div>[\/vc_column][\/vc_row]<\/p>\n","protected":false},"excerpt":{"rendered":"<p>[vc_row centered=\u00bbyes\u00bb bg_type=\u00bbimage\u00bb parallax_style=\u00bbvcpb-default\u00bb bg_image_new=\u00bbid^949|url^https:\/\/otroejecutivo.cl\/web\/wp-content\/uploads\/2025\/05\/banner.jpg|caption^null|alt^null|title^banner|description^null\u00bb bg_image_repeat=\u00bbno-repeat\u00bb bg_image_size=\u00bbinitial\u00bb bg_image_posiiton=\u00bbcenter center\u00bb padding_top=\u00bb115px\u00bb padding_bottom=\u00bb115px\u00bb sd_margin_bottom=\u00bb0px\u00bb][vc_column][\/vc_column][\/vc_row][vc_row centered=\u00bbyes\u00bb sd_margin_bottom=\u00bb0px\u00bb][vc_column][vc_row_inner][vc_column_inner][vc_column_text]Transportes Jos\u00e9 Carrasco Retamal EIRL. est\u00e1 certificada desde el a\u00f1o 2008. Actualmente bajo normas ISO 39001, ISO 9001, ISO 14001 e ISO 45001 La implementaci\u00f3n del Sistema de Gesti\u00f3n Integrado en Calidad, Medio Ambiente y Seguridad y<\/p>\n<div class=\"sd-more-wrapper\">\n<p><a class=\"sd-more sd-opacity-trans\" href=\"https:\/\/otroejecutivo.cl\/web\/index.php\/politica-certificados\/#more-253\">Read More<\/a><\/p>\n<\/div>\n","protected":false},"author":1,"featured_media":0,"parent":0,"menu_order":0,"comment_status":"open","ping_status":"open","template":"full-width-page.php","meta":{"footnotes":""},"class_list":["post-253","page","type-page","status-publish","hentry"],"_links":{"self":[{"href":"https:\/\/otroejecutivo.cl\/web\/index.php\/wp-json\/wp\/v2\/pages\/253","targetHints":{"allow":["GET"]}}],"collection":[{"href":"https:\/\/otroejecutivo.cl\/web\/index.php\/wp-json\/wp\/v2\/pages"}],"about":[{"href":"https:\/\/otroejecutivo.cl\/web\/index.php\/wp-json\/wp\/v2\/types\/page"}],"author":[{"embeddable":true,"href":"https:\/\/otroejecutivo.cl\/web\/index.php\/wp-json\/wp\/v2\/users\/1"}],"replies":[{"embeddable":true,"href":"https:\/\/otroejecutivo.cl\/web\/index.php\/wp-json\/wp\/v2\/comments?post=253"}],"version-history":[{"count":39,"href":"https:\/\/otroejecutivo.cl\/web\/index.php\/wp-json\/wp\/v2\/pages\/253\/revisions"}],"predecessor-version":[{"id":951,"href":"https:\/\/otroejecutivo.cl\/web\/index.php\/wp-json\/wp\/v2\/pages\/253\/revisions\/951"}],"wp:attachment":[{"href":"https:\/\/otroejecutivo.cl\/web\/index.php\/wp-json\/wp\/v2\/media?parent=253"}],"curies":[{"name":"wp","href":"https:\/\/api.w.org\/{rel}","templated":true}]}}